{"id":2768,"date":"2025-01-31T08:04:58","date_gmt":"2025-01-31T07:04:58","guid":{"rendered":"https:\/\/fraktalseals.com\/produits\/juntas-y-laminas-de-ptfe-modificado\/"},"modified":"2026-01-22T11:05:38","modified_gmt":"2026-01-22T10:05:38","slug":"joints-et-feuilles-en-ptfe-modifie","status":"publish","type":"page","link":"https:\/\/fraktalseals.com\/fr\/produits\/joints-et-feuilles-en-ptfe-modifie\/","title":{"rendered":"Joints et feuilles en PTFE modifi\u00e9"},"content":{"rendered":"\n\n\t<p>Le PTFE, plus connu sous le nom de T\u00e9flon, est un mat\u00e9riau plastique pr\u00e9sentant le plus faible coefficient de frottement et une r\u00e9sistance \u00e9lev\u00e9e aux temp\u00e9ratures allant jusqu&rsquo;\u00e0 260 \u00b0C. Il s&rsquo;agit d&rsquo;un produit d&rsquo;\u00e9tanch\u00e9it\u00e9 id\u00e9al pour les brides avec des surfaces moins uniformes. Pour am\u00e9liorer ses propri\u00e9t\u00e9s, il est m\u00e9lang\u00e9 \u00e0 diff\u00e9rents mat\u00e9riaux de renforcement, tels que la silice, le sulfate de baryum ou un noyau en PTFE avec une microcellule souple en PTFE expans\u00e9.<\/p>\n\t\t\t\t<img decoding=\"async\" src=\"https:\/\/fraktalseals.com\/wp-content\/uploads\/2025\/04\/descarga-6.jpeg\" alt=\"descarga (6)\" itemprop=\"image\" height=\"225\" width=\"225\" title=\"descarga (6)\" onerror=\"this.style.display='none'\" loading='lazy' \/>\n\t<h2><strong>Joints PTFE modifi\u00e9s de Fraktalseals<\/strong><\/h2>\n<p>Fraktalseals dispose d&rsquo;un vaste inventaire de joints en PTFE modifi\u00e9s. Notre principal fournisseur est Flexitallic. Ces joints sont disponibles dans des \u00e9paisseurs allant de 0,75 mm \u00e0 6,4 mm, avec une plage de pH de 0 \u00e0 14 et une pression maximale jusqu&rsquo;\u00e0 85 bars. De plus, ils sont conformes aux certifications Ta-Luft et aux normes FDA et peuvent \u00eatre achet\u00e9s avec les approbations WRAS et DVGW.<\/p>\n<h2><strong>Applications dans les industries chimiques, alimentaires et pharmaceutiques<\/strong><\/h2>\n<p>Les joints en PTFE modifi\u00e9 offrent une r\u00e9sistance exceptionnelle \u00e0 la plupart des produits chimiques, y compris les acides et les alcalis forts. En raison de cette caract\u00e9ristique, ils sont largement utilis\u00e9s dans des secteurs tels que les industries chimiques et p\u00e9trochimiques, les industries alimentaires et pharmaceutiques, ainsi que dans les syst\u00e8mes d&rsquo;eau potable. Fraktalseals propose \u00e9galement des produits d&rsquo;\u00e9tanch\u00e9it\u00e9 PTFE modifi\u00e9s adapt\u00e9s aux applications d&rsquo;oxyg\u00e8ne, r\u00e9pondant aux normes BAM.<\/p>\n<h2><strong>Production propre de joints en PTFE modifi\u00e9s<\/strong><\/h2>\n<p>Fraktalseals a d\u00e9velopp\u00e9 ses propres installations de fabrication, nous permettant d&rsquo;offrir des solutions personnalis\u00e9es \u00e0 nos clients. Gr\u00e2ce \u00e0 nos processus efficaces, nous pouvons produire des joints non standard en quelques heures, optimisant ainsi les d\u00e9lais de livraison par rapport aux d\u00e9lais traditionnels.<\/p>\n<p>Nos machines de d\u00e9coupe sont capables de traiter une vari\u00e9t\u00e9 de mat\u00e9riaux, notamment :<\/p>\n<ul>\n<li>Feuilles de fibres<\/li>\n<li>Feuilles de graphite (avec ou sans incrustations)<\/li>\n<li>Feuilles de caoutchouc renforc\u00e9es<\/li>\n<li>Plastiques tels que le PTFE modifi\u00e9<\/li>\n<li>Feuilles de Kemiculite\u00ae (mica exfoli\u00e9)<\/li>\n<li>Feuilles de li\u00e8ge et de caoutchouc<\/li>\n<\/ul>\n\t\n<h4>\n\t\t\tAVEZ-VOUS BESOIN D&rsquo;UN JOINT PERSONNALIS\u00c9?\t<\/h4>\n\t<p>Vous pouvez consulter notre large stock de joints sur notre site web ou, si vous le souhaitez, nous contacter pour b\u00e9n\u00e9ficier d&rsquo;un conseil technique personnalis\u00e9 sans engagement.<\/p>\n\t<p><a href=\"https:\/\/fraktalseals.com\/fr\/produits\/\">Produits<\/a><\/p>\n\t<p><a href=\"https:\/\/fraktalseals.com\/fr\/contact\/\">Contactez-nous<\/a><\/p>\n\n","protected":false},"excerpt":{"rendered":"<div class=\"entry-summary\">\n<div class=\"entry-summary\">\nLe PTFE, plus connu sous le nom de T\u00e9flon, est un mat\u00e9riau plastique pr\u00e9sentant le plus faible coefficient de frottement et une r\u00e9sistance \u00e9lev\u00e9e aux temp\u00e9ratures allant jusqu&rsquo;\u00e0 260 \u00b0C. Il s&rsquo;agit d&rsquo;un produit d&rsquo;\u00e9tanch\u00e9it\u00e9 id\u00e9al pour les brides avec&hellip;\n<\/div>\n<div class=\"link-more\"><a href=\"https:\/\/fraktalseals.com\/fr\/produits\/joints-et-feuilles-en-ptfe-modifie\/\" class=\"more-link\">Continuer \u00e0 lire<span class=\"screen-reader-text\"> &ldquo;Joints et feuilles en PTFE modifi\u00e9&rdquo;<\/span>&hellip;<\/a><\/div>\n<\/div>\n<div class=\"link-more\"><a href=\"https:\/\/fraktalseals.com\/fr\/produits\/joints-et-feuilles-en-ptfe-modifie\/\" class=\"more-link\">Continuer \u00e0 lire<span class=\"screen-reader-text\"> &ldquo;Joints et feuilles en PTFE modifi\u00e9&rdquo;<\/span>&hellip;<\/a><\/div>\n","protected":false},"author":1,"featured_media":0,"parent":2730,"menu_order":0,"comment_status":"closed","ping_status":"closed","template":"","meta":{"_acf_changed":false,"footnotes":""},"class_list":["post-2768","page","type-page","status-publish","hentry","entry"],"acf":[],"yoast_head":"<!-- This site is optimized with the Yoast SEO Premium plugin v25.0 (Yoast SEO v27.4) - https:\/\/yoast.com\/product\/yoast-seo-premium-wordpress\/ -->\n<title>Joints et feuilles en PTFE modifi\u00e9 - Fraktalseals<\/title>\n<meta name=\"description\" content=\"Joints et feuilles en PTFE modifi\u00e9 avec une r\u00e9sistance chimique maximale. Fraktal Seals propose du stock, une fabrication rapide et une qualit\u00e9 certifi\u00e9e.\" \/>\n<meta name=\"robots\" content=\"index, follow, max-snippet:-1, max-image-preview:large, max-video-preview:-1\" \/>\n<link rel=\"canonical\" href=\"https:\/\/fraktalseals.com\/fr\/produits\/joints-et-feuilles-en-ptfe-modifie\/\" \/>\n<meta property=\"og:locale\" content=\"fr_FR\" \/>\n<meta property=\"og:type\" content=\"article\" \/>\n<meta property=\"og:title\" content=\"Joints et feuilles en PTFE modifi\u00e9\" \/>\n<meta property=\"og:description\" content=\"Joints et feuilles en PTFE modifi\u00e9 avec une r\u00e9sistance chimique maximale. Fraktal Seals propose du stock, une fabrication rapide et une qualit\u00e9 certifi\u00e9e.\" \/>\n<meta property=\"og:url\" content=\"https:\/\/fraktalseals.com\/fr\/produits\/joints-et-feuilles-en-ptfe-modifie\/\" \/>\n<meta property=\"og:site_name\" content=\"Fraktalseals\" \/>\n<meta property=\"article:modified_time\" content=\"2026-01-22T10:05:38+00:00\" \/>\n<meta property=\"og:image\" content=\"https:\/\/fraktalseals.com\/wp-content\/uploads\/2025\/04\/descarga-6.jpeg\" \/>\n<meta name=\"twitter:card\" content=\"summary_large_image\" \/>\n<script type=\"application\/ld+json\" class=\"yoast-schema-graph\">{\"@context\":\"https:\\\/\\\/schema.org\",\"@graph\":[{\"@type\":\"WebPage\",\"@id\":\"https:\\\/\\\/fraktalseals.com\\\/fr\\\/produits\\\/joints-et-feuilles-en-ptfe-modifie\\\/\",\"url\":\"https:\\\/\\\/fraktalseals.com\\\/fr\\\/produits\\\/joints-et-feuilles-en-ptfe-modifie\\\/\",\"name\":\"Joints et feuilles en PTFE modifi\u00e9 - Fraktalseals\",\"isPartOf\":{\"@id\":\"https:\\\/\\\/fraktalseals.com\\\/fr\\\/#website\"},\"primaryImageOfPage\":{\"@id\":\"https:\\\/\\\/fraktalseals.com\\\/fr\\\/produits\\\/joints-et-feuilles-en-ptfe-modifie\\\/#primaryimage\"},\"image\":{\"@id\":\"https:\\\/\\\/fraktalseals.com\\\/fr\\\/produits\\\/joints-et-feuilles-en-ptfe-modifie\\\/#primaryimage\"},\"thumbnailUrl\":\"https:\\\/\\\/fraktalseals.com\\\/wp-content\\\/uploads\\\/2025\\\/04\\\/descarga-6.jpeg\",\"datePublished\":\"2025-01-31T07:04:58+00:00\",\"dateModified\":\"2026-01-22T10:05:38+00:00\",\"description\":\"Joints et feuilles en PTFE modifi\u00e9 avec une r\u00e9sistance chimique maximale. Fraktal Seals propose du stock, une fabrication rapide et une qualit\u00e9 certifi\u00e9e.\",\"breadcrumb\":{\"@id\":\"https:\\\/\\\/fraktalseals.com\\\/fr\\\/produits\\\/joints-et-feuilles-en-ptfe-modifie\\\/#breadcrumb\"},\"inLanguage\":\"fr-FR\",\"potentialAction\":[{\"@type\":\"ReadAction\",\"target\":[\"https:\\\/\\\/fraktalseals.com\\\/fr\\\/produits\\\/joints-et-feuilles-en-ptfe-modifie\\\/\"]}]},{\"@type\":\"ImageObject\",\"inLanguage\":\"fr-FR\",\"@id\":\"https:\\\/\\\/fraktalseals.com\\\/fr\\\/produits\\\/joints-et-feuilles-en-ptfe-modifie\\\/#primaryimage\",\"url\":\"https:\\\/\\\/fraktalseals.com\\\/wp-content\\\/uploads\\\/2025\\\/04\\\/descarga-6.jpeg\",\"contentUrl\":\"https:\\\/\\\/fraktalseals.com\\\/wp-content\\\/uploads\\\/2025\\\/04\\\/descarga-6.jpeg\"},{\"@type\":\"BreadcrumbList\",\"@id\":\"https:\\\/\\\/fraktalseals.com\\\/fr\\\/produits\\\/joints-et-feuilles-en-ptfe-modifie\\\/#breadcrumb\",\"itemListElement\":[{\"@type\":\"ListItem\",\"position\":1,\"name\":\"Portada\",\"item\":\"https:\\\/\\\/fraktalseals.com\\\/fr\\\/\"},{\"@type\":\"ListItem\",\"position\":2,\"name\":\"Produits\",\"item\":\"https:\\\/\\\/fraktalseals.com\\\/fr\\\/produits\\\/\"},{\"@type\":\"ListItem\",\"position\":3,\"name\":\"Joints et feuilles en PTFE modifi\u00e9\"}]},{\"@type\":\"WebSite\",\"@id\":\"https:\\\/\\\/fraktalseals.com\\\/fr\\\/#website\",\"url\":\"https:\\\/\\\/fraktalseals.com\\\/fr\\\/\",\"name\":\"Fraktalseals\",\"description\":\"Fabricante de juntas de estanqueidad\",\"publisher\":{\"@id\":\"https:\\\/\\\/fraktalseals.com\\\/fr\\\/#organization\"},\"potentialAction\":[{\"@type\":\"SearchAction\",\"target\":{\"@type\":\"EntryPoint\",\"urlTemplate\":\"https:\\\/\\\/fraktalseals.com\\\/fr\\\/?s={search_term_string}\"},\"query-input\":{\"@type\":\"PropertyValueSpecification\",\"valueRequired\":true,\"valueName\":\"search_term_string\"}}],\"inLanguage\":\"fr-FR\"},{\"@type\":\"Organization\",\"@id\":\"https:\\\/\\\/fraktalseals.com\\\/fr\\\/#organization\",\"name\":\"Fraktalseals\",\"url\":\"https:\\\/\\\/fraktalseals.com\\\/fr\\\/\",\"logo\":{\"@type\":\"ImageObject\",\"inLanguage\":\"fr-FR\",\"@id\":\"https:\\\/\\\/fraktalseals.com\\\/fr\\\/#\\\/schema\\\/logo\\\/image\\\/\",\"url\":\"https:\\\/\\\/fraktalseals.com\\\/wp-content\\\/uploads\\\/2024\\\/07\\\/cropped-logo-fraktal.png\",\"contentUrl\":\"https:\\\/\\\/fraktalseals.com\\\/wp-content\\\/uploads\\\/2024\\\/07\\\/cropped-logo-fraktal.png\",\"width\":249,\"height\":168,\"caption\":\"Fraktalseals\"},\"image\":{\"@id\":\"https:\\\/\\\/fraktalseals.com\\\/fr\\\/#\\\/schema\\\/logo\\\/image\\\/\"}}]}<\/script>\n<!-- \/ Yoast SEO Premium plugin. -->","yoast_head_json":{"title":"Joints et feuilles en PTFE modifi\u00e9 - Fraktalseals","description":"Joints et feuilles en PTFE modifi\u00e9 avec une r\u00e9sistance chimique maximale. Fraktal Seals propose du stock, une fabrication rapide et une qualit\u00e9 certifi\u00e9e.","robots":{"index":"index","follow":"follow","max-snippet":"max-snippet:-1","max-image-preview":"max-image-preview:large","max-video-preview":"max-video-preview:-1"},"canonical":"https:\/\/fraktalseals.com\/fr\/produits\/joints-et-feuilles-en-ptfe-modifie\/","og_locale":"fr_FR","og_type":"article","og_title":"Joints et feuilles en PTFE modifi\u00e9","og_description":"Joints et feuilles en PTFE modifi\u00e9 avec une r\u00e9sistance chimique maximale. Fraktal Seals propose du stock, une fabrication rapide et une qualit\u00e9 certifi\u00e9e.","og_url":"https:\/\/fraktalseals.com\/fr\/produits\/joints-et-feuilles-en-ptfe-modifie\/","og_site_name":"Fraktalseals","article_modified_time":"2026-01-22T10:05:38+00:00","og_image":[{"url":"https:\/\/fraktalseals.com\/wp-content\/uploads\/2025\/04\/descarga-6.jpeg","type":"","width":"","height":""}],"twitter_card":"summary_large_image","schema":{"@context":"https:\/\/schema.org","@graph":[{"@type":"WebPage","@id":"https:\/\/fraktalseals.com\/fr\/produits\/joints-et-feuilles-en-ptfe-modifie\/","url":"https:\/\/fraktalseals.com\/fr\/produits\/joints-et-feuilles-en-ptfe-modifie\/","name":"Joints et feuilles en PTFE modifi\u00e9 - Fraktalseals","isPartOf":{"@id":"https:\/\/fraktalseals.com\/fr\/#website"},"primaryImageOfPage":{"@id":"https:\/\/fraktalseals.com\/fr\/produits\/joints-et-feuilles-en-ptfe-modifie\/#primaryimage"},"image":{"@id":"https:\/\/fraktalseals.com\/fr\/produits\/joints-et-feuilles-en-ptfe-modifie\/#primaryimage"},"thumbnailUrl":"https:\/\/fraktalseals.com\/wp-content\/uploads\/2025\/04\/descarga-6.jpeg","datePublished":"2025-01-31T07:04:58+00:00","dateModified":"2026-01-22T10:05:38+00:00","description":"Joints et feuilles en PTFE modifi\u00e9 avec une r\u00e9sistance chimique maximale. Fraktal Seals propose du stock, une fabrication rapide et une qualit\u00e9 certifi\u00e9e.","breadcrumb":{"@id":"https:\/\/fraktalseals.com\/fr\/produits\/joints-et-feuilles-en-ptfe-modifie\/#breadcrumb"},"inLanguage":"fr-FR","potentialAction":[{"@type":"ReadAction","target":["https:\/\/fraktalseals.com\/fr\/produits\/joints-et-feuilles-en-ptfe-modifie\/"]}]},{"@type":"ImageObject","inLanguage":"fr-FR","@id":"https:\/\/fraktalseals.com\/fr\/produits\/joints-et-feuilles-en-ptfe-modifie\/#primaryimage","url":"https:\/\/fraktalseals.com\/wp-content\/uploads\/2025\/04\/descarga-6.jpeg","contentUrl":"https:\/\/fraktalseals.com\/wp-content\/uploads\/2025\/04\/descarga-6.jpeg"},{"@type":"BreadcrumbList","@id":"https:\/\/fraktalseals.com\/fr\/produits\/joints-et-feuilles-en-ptfe-modifie\/#breadcrumb","itemListElement":[{"@type":"ListItem","position":1,"name":"Portada","item":"https:\/\/fraktalseals.com\/fr\/"},{"@type":"ListItem","position":2,"name":"Produits","item":"https:\/\/fraktalseals.com\/fr\/produits\/"},{"@type":"ListItem","position":3,"name":"Joints et feuilles en PTFE modifi\u00e9"}]},{"@type":"WebSite","@id":"https:\/\/fraktalseals.com\/fr\/#website","url":"https:\/\/fraktalseals.com\/fr\/","name":"Fraktalseals","description":"Fabricante de juntas de estanqueidad","publisher":{"@id":"https:\/\/fraktalseals.com\/fr\/#organization"},"potentialAction":[{"@type":"SearchAction","target":{"@type":"EntryPoint","urlTemplate":"https:\/\/fraktalseals.com\/fr\/?s={search_term_string}"},"query-input":{"@type":"PropertyValueSpecification","valueRequired":true,"valueName":"search_term_string"}}],"inLanguage":"fr-FR"},{"@type":"Organization","@id":"https:\/\/fraktalseals.com\/fr\/#organization","name":"Fraktalseals","url":"https:\/\/fraktalseals.com\/fr\/","logo":{"@type":"ImageObject","inLanguage":"fr-FR","@id":"https:\/\/fraktalseals.com\/fr\/#\/schema\/logo\/image\/","url":"https:\/\/fraktalseals.com\/wp-content\/uploads\/2024\/07\/cropped-logo-fraktal.png","contentUrl":"https:\/\/fraktalseals.com\/wp-content\/uploads\/2024\/07\/cropped-logo-fraktal.png","width":249,"height":168,"caption":"Fraktalseals"},"image":{"@id":"https:\/\/fraktalseals.com\/fr\/#\/schema\/logo\/image\/"}}]}},"_links":{"self":[{"href":"https:\/\/fraktalseals.com\/fr\/wp-json\/wp\/v2\/pages\/2768","targetHints":{"allow":["GET"]}}],"collection":[{"href":"https:\/\/fraktalseals.com\/fr\/wp-json\/wp\/v2\/pages"}],"about":[{"href":"https:\/\/fraktalseals.com\/fr\/wp-json\/wp\/v2\/types\/page"}],"author":[{"embeddable":true,"href":"https:\/\/fraktalseals.com\/fr\/wp-json\/wp\/v2\/users\/1"}],"replies":[{"embeddable":true,"href":"https:\/\/fraktalseals.com\/fr\/wp-json\/wp\/v2\/comments?post=2768"}],"version-history":[{"count":4,"href":"https:\/\/fraktalseals.com\/fr\/wp-json\/wp\/v2\/pages\/2768\/revisions"}],"predecessor-version":[{"id":5473,"href":"https:\/\/fraktalseals.com\/fr\/wp-json\/wp\/v2\/pages\/2768\/revisions\/5473"}],"up":[{"embeddable":true,"href":"https:\/\/fraktalseals.com\/fr\/wp-json\/wp\/v2\/pages\/2730"}],"wp:attachment":[{"href":"https:\/\/fraktalseals.com\/fr\/wp-json\/wp\/v2\/media?parent=2768"}],"curies":[{"name":"wp","href":"https:\/\/api.w.org\/{rel}","templated":true}]}}